{"id":357,"date":"2025-04-07T18:44:45","date_gmt":"2025-04-07T16:44:45","guid":{"rendered":"http:\/\/dreamartstudio.hu\/company\/"},"modified":"2025-05-30T23:19:28","modified_gmt":"2025-05-30T21:19:28","slug":"occupied","status":"publish","type":"page","link":"https:\/\/dreamartstudio.hu\/en\/foglalas\/","title":{"rendered":"Booking"},"content":{"rendered":"\t\t<div data-elementor-type=\"wp-page\" data-elementor-id=\"357\" class=\"elementor elementor-357\" data-elementor-post-type=\"page\">\n\t\t\t\t<div class=\"elementor-element elementor-element-ce74320 e-flex e-con-boxed e-con e-parent\" data-id=\"ce74320\" data-element_type=\"container\" data-e-type=\"container\" data-settings=\"{&quot;background_background&quot;:&quot;classic&quot;}\">\n\t\t\t\t\t<div class=\"e-con-inner\">\n\t\t\t\t<div class=\"elementor-element elementor-element-ff53bb5 elementor-widget elementor-widget-heading\" data-id=\"ff53bb5\" data-element_type=\"widget\" data-e-type=\"widget\" data-widget_type=\"heading.default\">\n\t\t\t\t<div class=\"elementor-widget-container\">\n\t\t\t\t\t<h2 class=\"elementor-heading-title elementor-size-default\">Foglald le a fot\u00f3z\u00e1sod k\u00f6nnyed\u00e9n!\n<\/h2>\t\t\t\t<\/div>\n\t\t\t\t<\/div>\n\t\t\t\t<div class=\"elementor-element elementor-element-e0038ba elementor-widget-divider--view-line elementor-widget elementor-widget-divider\" data-id=\"e0038ba\" data-element_type=\"widget\" data-e-type=\"widget\" data-widget_type=\"divider.default\">\n\t\t\t\t<div class=\"elementor-widget-container\">\n\t\t\t\t\t\t\t<div class=\"elementor-divider\">\n\t\t\t<span class=\"elementor-divider-separator\">\n\t\t\t\t\t\t<\/span>\n\t\t<\/div>\n\t\t\t\t\t\t<\/div>\n\t\t\t\t<\/div>\n\t\t\t\t\t<\/div>\n\t\t\t\t<\/div>\n\t\t<div class=\"elementor-element elementor-element-2ed4fb1 e-flex e-con-boxed e-con e-parent\" data-id=\"2ed4fb1\" data-element_type=\"container\" data-e-type=\"container\" data-settings=\"{&quot;background_background&quot;:&quot;classic&quot;}\">\n\t\t\t\t\t<div class=\"e-con-inner\">\n\t\t\t\t<div class=\"elementor-element elementor-element-361990b elementor-button-align-center elementor-widget elementor-widget-form\" data-id=\"361990b\" data-element_type=\"widget\" data-e-type=\"widget\" data-settings=\"{&quot;step_next_label&quot;:&quot;Next&quot;,&quot;step_previous_label&quot;:&quot;Previous&quot;,&quot;button_width&quot;:&quot;100&quot;,&quot;step_type&quot;:&quot;number_text&quot;,&quot;step_icon_shape&quot;:&quot;circle&quot;}\" data-widget_type=\"form.default\">\n\t\t\t\t<div class=\"elementor-widget-container\">\n\t\t\t\t\t\t\t<form class=\"elementor-form\" method=\"post\" name=\"Order Form\" aria-label=\"Order Form\">\n\t\t\t<input type=\"hidden\" name=\"post_id\" value=\"357\"\/>\n\t\t\t<input type=\"hidden\" name=\"form_id\" value=\"361990b\"\/>\n\t\t\t<input type=\"hidden\" name=\"referer_title\" value=\"Foglal\u00e1s - Dream Art Studio\" \/>\n\n\t\t\t\t\t\t\t<input type=\"hidden\" name=\"queried_id\" value=\"357\"\/>\n\t\t\t\n\t\t\t<div class=\"elementor-form-fields-wrapper elementor-labels-above\">\n\t\t\t\t\t\t\t\t<div class=\"elementor-field-type-text elementor-field-group elementor-column elementor-field-group-name elementor-col-100 elementor-field-required elementor-mark-required\">\n\t\t\t\t\t\t\t\t\t\t\t\t<label for=\"form-field-name\" class=\"elementor-field-label\">\n\t\t\t\t\t\t\t\tN\u00e9v\t\t\t\t\t\t\t<\/label>\n\t\t\t\t\t\t\t\t\t\t\t\t\t\t<input size=\"1\" type=\"text\" name=\"form_fields[name]\" id=\"form-field-name\" class=\"elementor-field elementor-size-sm  elementor-field-textual\" placeholder=\"N\u00e9v\" required=\"required\">\n\t\t\t\t\t\t\t\t\t\t\t<\/div>\n\t\t\t\t\t\t\t\t<div class=\"elementor-field-type-email elementor-field-group elementor-column elementor-field-group-email elementor-col-100 elementor-field-required elementor-mark-required\">\n\t\t\t\t\t\t\t\t\t\t\t\t<label for=\"form-field-email\" class=\"elementor-field-label\">\n\t\t\t\t\t\t\t\tE-mail\t\t\t\t\t\t\t<\/label>\n\t\t\t\t\t\t\t\t\t\t\t\t\t\t<input size=\"1\" type=\"email\" name=\"form_fields[email]\" id=\"form-field-email\" class=\"elementor-field elementor-size-sm  elementor-field-textual\" placeholder=\"E-mail\" required=\"required\">\n\t\t\t\t\t\t\t\t\t\t\t<\/div>\n\t\t\t\t\t\t\t\t<div class=\"elementor-field-type-text elementor-field-group elementor-column elementor-field-group-phone elementor-col-100\">\n\t\t\t\t\t\t\t\t\t\t\t\t<label for=\"form-field-phone\" class=\"elementor-field-label\">\n\t\t\t\t\t\t\t\tTelefon\t\t\t\t\t\t\t<\/label>\n\t\t\t\t\t\t\t\t\t\t\t\t\t\t<input size=\"1\" type=\"text\" name=\"form_fields[phone]\" id=\"form-field-phone\" class=\"elementor-field elementor-size-sm  elementor-field-textual\" placeholder=\"+\">\n\t\t\t\t\t\t\t\t\t\t\t<\/div>\n\t\t\t\t\t\t\t\t<div class=\"elementor-field-type-select elementor-field-group elementor-column elementor-field-group-type elementor-col-100 elementor-field-required elementor-mark-required\">\n\t\t\t\t\t\t\t\t\t\t\t\t<label for=\"form-field-type\" class=\"elementor-field-label\">\n\t\t\t\t\t\t\t\tFot\u00f3z\u00e1s t\u00edpusa\t\t\t\t\t\t\t<\/label>\n\t\t\t\t\t\t\t\t<div class=\"elementor-field elementor-select-wrapper remove-before \">\n\t\t\t<div class=\"select-caret-down-wrapper\">\n\t\t\t\t<svg aria-hidden=\"true\" class=\"e-font-icon-svg e-eicon-caret-down\" viewBox=\"0 0 571.4 571.4\" xmlns=\"http:\/\/www.w3.org\/2000\/svg\"><path d=\"M571 393Q571 407 561 418L311 668Q300 679 286 679T261 668L11 418Q0 407 0 393T11 368 36 357H536Q550 357 561 368T571 393Z\"><\/path><\/svg>\t\t\t<\/div>\n\t\t\t<select name=\"form_fields[type]\" id=\"form-field-type\" class=\"elementor-field-textual elementor-size-sm\" required=\"required\">\n\t\t\t\t\t\t\t\t\t<option value=\"Jegyes fot\u00f3z\u00e1s\">Jegyes fot\u00f3z\u00e1s<\/option>\n\t\t\t\t\t\t\t\t\t<option value=\"Csal\u00e1di \u00e9s gyermek fot\u00f3z\u00e1s\">Csal\u00e1di \u00e9s gyermek fot\u00f3z\u00e1s<\/option>\n\t\t\t\t\t\t\t\t\t<option value=\"Kismama fot\u00f3z\u00e1s\">Kismama fot\u00f3z\u00e1s<\/option>\n\t\t\t\t\t\t\t\t\t<option value=\"\u00dajsz\u00fcl\u00f6tt fot\u00f3z\u00e1s\">\u00dajsz\u00fcl\u00f6tt fot\u00f3z\u00e1s<\/option>\n\t\t\t\t\t\t\t\t\t<option value=\"Portr\u00e9 fot\u00f3z\u00e1s\">Portr\u00e9 fot\u00f3z\u00e1s<\/option>\n\t\t\t\t\t\t\t\t\t<option value=\"Szem\u00e9lyes projekt\">Szem\u00e9lyes projekt<\/option>\n\t\t\t\t\t\t\t<\/select>\n\t\t<\/div>\n\t\t\t\t\t\t<\/div>\n\t\t\t\t\t\t\t\t<div class=\"elementor-field-type-textarea elementor-field-group elementor-column elementor-field-group-message elementor-col-100\">\n\t\t\t\t\t\t\t\t\t\t\t\t<label for=\"form-field-message\" class=\"elementor-field-label\">\n\t\t\t\t\t\t\t\t\u00dczenet\t\t\t\t\t\t\t<\/label>\n\t\t\t\t\t\t<textarea class=\"elementor-field-textual elementor-field  elementor-size-sm\" name=\"form_fields[message]\" id=\"form-field-message\" rows=\"4\"><\/textarea>\t\t\t\t<\/div>\n\t\t\t\t\t\t\t\t<div class=\"elementor-field-group elementor-column elementor-field-type-submit elementor-col-100 e-form__buttons\">\n\t\t\t\t\t<button class=\"elementor-button elementor-size-md elementor-animation-grow\" type=\"submit\">\n\t\t\t\t\t\t<span class=\"elementor-button-content-wrapper\">\n\t\t\t\t\t\t\t\t\t\t\t\t\t\t\t<span class=\"elementor-button-icon\">\n\t\t\t\t\t\t\t\t\t<svg aria-hidden=\"true\" class=\"e-font-icon-svg e-fas-paper-plane\" viewBox=\"0 0 512 512\" xmlns=\"http:\/\/www.w3.org\/2000\/svg\"><path d=\"M476 3.2L12.5 270.6c-18.1 10.4-15.8 35.6 2.2 43.2L121 358.4l287.3-253.2c5.5-4.9 13.3 2.6 8.6 8.3L176 407v80.5c0 23.6 28.5 32.9 42.5 15.8L282 426l124.6 52.2c14.2 6 30.4-2.9 33-18.2l72-432C515 7.8 493.3-6.8 476 3.2z\"><\/path><\/svg>\t\t\t\t\t\t\t\t\t\t\t\t\t\t\t\t\t<\/span>\n\t\t\t\t\t\t\t\t\t\t\t\t\t\t\t\t\t\t\t\t\t\t<span class=\"elementor-button-text\">Lefoglalom!<\/span>\n\t\t\t\t\t\t\t\t\t\t\t\t\t<\/span>\n\t\t\t\t\t<\/button>\n\t\t\t\t<\/div>\n\t\t\t<\/div>\n\t\t<\/form>\n\t\t\t\t\t\t<\/div>\n\t\t\t\t<\/div>\n\t\t\t\t\t<\/div>\n\t\t\t\t<\/div>\n\t\t\t\t<\/div>\n\t\t","protected":false},"excerpt":{"rendered":"<p>Book your photo shoot with ease!<\/p>","protected":false},"author":2,"featured_media":0,"parent":0,"menu_order":0,"comment_status":"closed","ping_status":"closed","template":"","meta":{"site-sidebar-layout":"no-sidebar","site-content-layout":"page-builder","ast-site-content-layout":"full-width-container","site-content-style":"unboxed","site-sidebar-style":"unboxed","ast-global-header-display":"","ast-banner-title-visibility":"","ast-main-header-display":"","ast-hfb-above-header-display":"","ast-hfb-below-header-display":"","ast-hfb-mobile-header-display":"","site-post-title":"disabled","ast-breadcrumbs-content":"","ast-featured-img":"disabled","footer-sml-layout":"","theme-transparent-header-meta":"disabled","adv-header-id-meta":"","stick-header-meta":"","header-above-stick-meta":"","header-main-stick-meta":"","header-below-stick-meta":"","astra-migrate-meta-layouts":"set","ast-page-background-enabled":"default","ast-page-background-meta":{"desktop":{"background-color":"","background-image":"","background-repeat":"repeat","background-position":"center center","background-size":"auto","background-attachment":"scroll","background-type":"","background-media":"","overlay-type":"","overlay-color":"","overlay-opacity":"","overlay-gradient":""},"tablet":{"background-color":"","background-image":"","background-repeat":"repeat","background-position":"center center","background-size":"auto","background-attachment":"scroll","background-type":"","background-media":"","overlay-type":"","overlay-color":"","overlay-opacity":"","overlay-gradient":""},"mobile":{"background-color":"","background-image":"","background-repeat":"repeat","background-position":"center center","background-size":"auto","background-attachment":"scroll","background-type":"","background-media":"","overlay-type":"","overlay-color":"","overlay-opacity":"","overlay-gradient":""}},"ast-content-background-meta":{"desktop":{"background-color":"var(--ast-global-color-5)","background-image":"","background-repeat":"repeat","background-position":"center center","background-size":"auto","background-attachment":"scroll","background-type":"","background-media":"","overlay-type":"","overlay-color":"","overlay-opacity":"","overlay-gradient":""},"tablet":{"background-color":"var(--ast-global-color-5)","background-image":"","background-repeat":"repeat","background-position":"center center","background-size":"auto","background-attachment":"scroll","background-type":"","background-media":"","overlay-type":"","overlay-color":"","overlay-opacity":"","overlay-gradient":""},"mobile":{"background-color":"var(--ast-global-color-5)","background-image":"","background-repeat":"repeat","background-position":"center center","background-size":"auto","background-attachment":"scroll","background-type":"","background-media":"","overlay-type":"","overlay-color":"","overlay-opacity":"","overlay-gradient":""}},"footnotes":""},"class_list":["post-357","page","type-page","status-publish","hentry"],"yoast_head":"<!-- This site is optimized with the Yoast SEO Premium plugin v27.3 (Yoast SEO v27.3) - https:\/\/yoast.com\/product\/yoast-seo-premium-wordpress\/ -->\n<title>Foglal\u00e1s - Dream Art Studio<\/title>\n<meta name=\"robots\" content=\"index, follow, max-snippet:-1, max-image-preview:large, max-video-preview:-1\" \/>\n<link rel=\"canonical\" href=\"https:\/\/dreamartstudio.hu\/en\/occupied\/\" \/>\n<meta property=\"og:locale\" content=\"en_US\" \/>\n<meta property=\"og:type\" content=\"article\" \/>\n<meta property=\"og:title\" content=\"Foglal\u00e1s\" \/>\n<meta property=\"og:description\" content=\"Foglald le a fot\u00f3z\u00e1sod k\u00f6nnyed\u00e9n!\" \/>\n<meta property=\"og:url\" content=\"https:\/\/dreamartstudio.hu\/en\/occupied\/\" \/>\n<meta property=\"og:site_name\" content=\"Dream Art Studio\" \/>\n<meta property=\"article:publisher\" content=\"https:\/\/www.facebook.com\/profile.php?id=61560311392597\" \/>\n<meta property=\"article:modified_time\" content=\"2025-05-30T21:19:28+00:00\" \/>\n<meta name=\"twitter:card\" content=\"summary_large_image\" \/>\n<meta name=\"twitter:label1\" content=\"Est. reading time\" \/>\n\t<meta name=\"twitter:data1\" content=\"1 minute\" \/>\n<script type=\"application\/ld+json\" class=\"yoast-schema-graph\">{\"@context\":\"https:\\\/\\\/schema.org\",\"@graph\":[{\"@type\":\"WebPage\",\"@id\":\"https:\\\/\\\/dreamartstudio.hu\\\/foglalas\\\/\",\"url\":\"https:\\\/\\\/dreamartstudio.hu\\\/foglalas\\\/\",\"name\":\"Foglal\u00e1s - Dream Art Studio\",\"isPartOf\":{\"@id\":\"https:\\\/\\\/dreamartstudio.hu\\\/#website\"},\"datePublished\":\"2025-04-07T16:44:45+00:00\",\"dateModified\":\"2025-05-30T21:19:28+00:00\",\"breadcrumb\":{\"@id\":\"https:\\\/\\\/dreamartstudio.hu\\\/foglalas\\\/#breadcrumb\"},\"inLanguage\":\"en-US\",\"potentialAction\":[{\"@type\":\"ReadAction\",\"target\":[\"https:\\\/\\\/dreamartstudio.hu\\\/foglalas\\\/\"]}]},{\"@type\":\"BreadcrumbList\",\"@id\":\"https:\\\/\\\/dreamartstudio.hu\\\/foglalas\\\/#breadcrumb\",\"itemListElement\":[{\"@type\":\"ListItem\",\"position\":1,\"name\":\"Kezd\u0151lap\",\"item\":\"https:\\\/\\\/dreamartstudio.hu\\\/\"},{\"@type\":\"ListItem\",\"position\":2,\"name\":\"Foglal\u00e1s\"}]},{\"@type\":\"WebSite\",\"@id\":\"https:\\\/\\\/dreamartstudio.hu\\\/#website\",\"url\":\"https:\\\/\\\/dreamartstudio.hu\\\/\",\"name\":\"Dream Art Studio\",\"description\":\"Professzion\u00e1lis fot\u00f3z\u00e1s, ahol minden k\u00e9p sz\u00edvb\u0151l j\u00f6n\",\"publisher\":{\"@id\":\"https:\\\/\\\/dreamartstudio.hu\\\/#organization\"},\"potentialAction\":[{\"@type\":\"SearchAction\",\"target\":{\"@type\":\"EntryPoint\",\"urlTemplate\":\"https:\\\/\\\/dreamartstudio.hu\\\/?s={search_term_string}\"},\"query-input\":{\"@type\":\"PropertyValueSpecification\",\"valueRequired\":true,\"valueName\":\"search_term_string\"}}],\"inLanguage\":\"en-US\"},{\"@type\":\"Organization\",\"@id\":\"https:\\\/\\\/dreamartstudio.hu\\\/#organization\",\"name\":\"Dream Art Studio\",\"url\":\"https:\\\/\\\/dreamartstudio.hu\\\/\",\"logo\":{\"@type\":\"ImageObject\",\"inLanguage\":\"en-US\",\"@id\":\"https:\\\/\\\/dreamartstudio.hu\\\/#\\\/schema\\\/logo\\\/image\\\/\",\"url\":\"https:\\\/\\\/dreamartstudio.hu\\\/wp-content\\\/uploads\\\/2025\\\/04\\\/cropped-cropped-443732014_122094276152343713_1783108696213956129_n.jpg\",\"contentUrl\":\"https:\\\/\\\/dreamartstudio.hu\\\/wp-content\\\/uploads\\\/2025\\\/04\\\/cropped-cropped-443732014_122094276152343713_1783108696213956129_n.jpg\",\"width\":738,\"height\":640,\"caption\":\"Dream Art Studio\"},\"image\":{\"@id\":\"https:\\\/\\\/dreamartstudio.hu\\\/#\\\/schema\\\/logo\\\/image\\\/\"},\"sameAs\":[\"https:\\\/\\\/www.facebook.com\\\/profile.php?id=61560311392597\",\"https:\\\/\\\/l.facebook.com\\\/l.php?u=httpswww.instagram.comdreamartstudiobyklaudiafbclidIwZXh0bgNhZW0CMTAAAR4EuOojTdVtMaZ4WZYbllOeQGlxoyjYqxUvy_mGn4RsJLBe55IGFN31vl9jcA_aem_4wEVqDLbYvuMf4y7fdm8ng&h=AT306j268zR3lvxufFW3wIDTuogofqNAtp6BsbShYQZXM9c1n8RGkGgDnHlPW5WQ_bS6dEb1WcLJIeKiXHh6qCVIlUSE2RjBeTW_rkD88QcOV_9VBosaKaXKutfVSj9tn3Tw\"]}]}<\/script>\n<!-- \/ Yoast SEO Premium plugin. -->","yoast_head_json":{"title":"Reservation - Dream Art Studio","robots":{"index":"index","follow":"follow","max-snippet":"max-snippet:-1","max-image-preview":"max-image-preview:large","max-video-preview":"max-video-preview:-1"},"canonical":"https:\/\/dreamartstudio.hu\/en\/occupied\/","og_locale":"en_US","og_type":"article","og_title":"Foglal\u00e1s","og_description":"Foglald le a fot\u00f3z\u00e1sod k\u00f6nnyed\u00e9n!","og_url":"https:\/\/dreamartstudio.hu\/en\/occupied\/","og_site_name":"Dream Art Studio","article_publisher":"https:\/\/www.facebook.com\/profile.php?id=61560311392597","article_modified_time":"2025-05-30T21:19:28+00:00","twitter_card":"summary_large_image","twitter_misc":{"Est. reading time":"1 minute"},"schema":{"@context":"https:\/\/schema.org","@graph":[{"@type":"WebPage","@id":"https:\/\/dreamartstudio.hu\/foglalas\/","url":"https:\/\/dreamartstudio.hu\/foglalas\/","name":"Reservation - Dream Art Studio","isPartOf":{"@id":"https:\/\/dreamartstudio.hu\/#website"},"datePublished":"2025-04-07T16:44:45+00:00","dateModified":"2025-05-30T21:19:28+00:00","breadcrumb":{"@id":"https:\/\/dreamartstudio.hu\/foglalas\/#breadcrumb"},"inLanguage":"en-US","potentialAction":[{"@type":"ReadAction","target":["https:\/\/dreamartstudio.hu\/foglalas\/"]}]},{"@type":"BreadcrumbList","@id":"https:\/\/dreamartstudio.hu\/foglalas\/#breadcrumb","itemListElement":[{"@type":"ListItem","position":1,"name":"Kezd\u0151lap","item":"https:\/\/dreamartstudio.hu\/"},{"@type":"ListItem","position":2,"name":"Foglal\u00e1s"}]},{"@type":"WebSite","@id":"https:\/\/dreamartstudio.hu\/#website","url":"https:\/\/dreamartstudio.hu\/","name":"Dream Art Studio","description":"Professional photography, where every picture comes from the heart","publisher":{"@id":"https:\/\/dreamartstudio.hu\/#organization"},"potentialAction":[{"@type":"SearchAction","target":{"@type":"EntryPoint","urlTemplate":"https:\/\/dreamartstudio.hu\/?s={search_term_string}"},"query-input":{"@type":"PropertyValueSpecification","valueRequired":true,"valueName":"search_term_string"}}],"inLanguage":"en-US"},{"@type":"Organization","@id":"https:\/\/dreamartstudio.hu\/#organization","name":"Dream Art Studio","url":"https:\/\/dreamartstudio.hu\/","logo":{"@type":"ImageObject","inLanguage":"en-US","@id":"https:\/\/dreamartstudio.hu\/#\/schema\/logo\/image\/","url":"https:\/\/dreamartstudio.hu\/wp-content\/uploads\/2025\/04\/cropped-cropped-443732014_122094276152343713_1783108696213956129_n.jpg","contentUrl":"https:\/\/dreamartstudio.hu\/wp-content\/uploads\/2025\/04\/cropped-cropped-443732014_122094276152343713_1783108696213956129_n.jpg","width":738,"height":640,"caption":"Dream Art Studio"},"image":{"@id":"https:\/\/dreamartstudio.hu\/#\/schema\/logo\/image\/"},"sameAs":["https:\/\/www.facebook.com\/profile.php?id=61560311392597","https:\/\/l.facebook.com\/l.php?u=httpswww.instagram.comdreamartstudiobyklaudiafbclidIwZXh0bgNhZW0CMTAAAR4EuOojTdVtMaZ4WZYbllOeQGlxoyjYqxUvy_mGn4RsJLBe55IGFN31vl9jcA_aem_4wEVqDLbYvuMf4y7fdm8ng&h=AT306j268zR3lvxufFW3wIDTuogofqNAtp6BsbShYQZXM9c1n8RGkGgDnHlPW5WQ_bS6dEb1WcLJIeKiXHh6qCVIlUSE2RjBeTW_rkD88QcOV_9VBosaKaXKutfVSj9tn3Tw"]}]}},"_links":{"self":[{"href":"https:\/\/dreamartstudio.hu\/en\/wp-json\/wp\/v2\/pages\/357","targetHints":{"allow":["GET"]}}],"collection":[{"href":"https:\/\/dreamartstudio.hu\/en\/wp-json\/wp\/v2\/pages"}],"about":[{"href":"https:\/\/dreamartstudio.hu\/en\/wp-json\/wp\/v2\/types\/page"}],"author":[{"embeddable":true,"href":"https:\/\/dreamartstudio.hu\/en\/wp-json\/wp\/v2\/users\/2"}],"replies":[{"embeddable":true,"href":"https:\/\/dreamartstudio.hu\/en\/wp-json\/wp\/v2\/comments?post=357"}],"version-history":[{"count":56,"href":"https:\/\/dreamartstudio.hu\/en\/wp-json\/wp\/v2\/pages\/357\/revisions"}],"predecessor-version":[{"id":5456,"href":"https:\/\/dreamartstudio.hu\/en\/wp-json\/wp\/v2\/pages\/357\/revisions\/5456"}],"wp:attachment":[{"href":"https:\/\/dreamartstudio.hu\/en\/wp-json\/wp\/v2\/media?parent=357"}],"curies":[{"name":"wp","href":"https:\/\/api.w.org\/{rel}","templated":true}]}}